{"id":1004,"date":"2025-09-25T12:15:12","date_gmt":"2025-09-25T10:15:12","guid":{"rendered":"http:\/\/design-boerse-berlin.de\/galerie\/?page_id=1004"},"modified":"2025-09-25T12:15:12","modified_gmt":"2025-09-25T10:15:12","slug":"neuer-partner-curiouz","status":"publish","type":"page","link":"http:\/\/design-boerse-berlin.de\/galerie\/neuer-partner-curiouz\/","title":{"rendered":"Neuer Partner: CURIOUZ"},"content":{"rendered":"<div class=\"wp-block-image\">\n<figure class=\"aligncenter size-full\"><a href=\"https:\/\/curiouz.com\/\" target=\"_blank\" rel=\" noreferrer noopener\"><img loading=\"lazy\" decoding=\"async\" width=\"400\" height=\"115\" src=\"http:\/\/design-boerse-berlin.de\/galerie\/wp-content\/uploads\/2025\/09\/logo_curiouz.jpg\" alt=\"\" class=\"wp-image-969\" srcset=\"http:\/\/design-boerse-berlin.de\/galerie\/wp-content\/uploads\/2025\/09\/logo_curiouz.jpg 400w, http:\/\/design-boerse-berlin.de\/galerie\/wp-content\/uploads\/2025\/09\/logo_curiouz-300x86.jpg 300w\" sizes=\"auto, (max-width: 400px) 100vw, 400px\" \/><\/a><\/figure>\n<\/div>\n\n\n<p>Curiouz definiert Design durch Gemeinschaft, Nachhaltigkeit und Innovation neu und nutzt Technologie, um zeitlose M\u00f6bel aus der Vergangenheit in die Zukunft zu bringen.<br>Werden Sie Teil einer Bewegung, die Tradition, Kreativit\u00e4t und eine bewusstere Raumgestaltung sch\u00e4tzt.<br><br>Besucht CURIOUZ an Stand 14 und lernt die neue Vintage Plattform kennen. Zus\u00e4tzlich gibt es Gratis Cocktails!<\/p>\n\n\n<div class=\"wp-block-image\">\n<figure class=\"aligncenter size-large is-resized\"><img loading=\"lazy\" decoding=\"async\" width=\"819\" height=\"1024\" src=\"http:\/\/design-boerse-berlin.de\/galerie\/wp-content\/uploads\/2025\/09\/L1014623-819x1024.jpg\" alt=\"\" class=\"wp-image-1005\" style=\"width:512px\" srcset=\"http:\/\/design-boerse-berlin.de\/galerie\/wp-content\/uploads\/2025\/09\/L1014623-819x1024.jpg 819w, http:\/\/design-boerse-berlin.de\/galerie\/wp-content\/uploads\/2025\/09\/L1014623-240x300.jpg 240w, http:\/\/design-boerse-berlin.de\/galerie\/wp-content\/uploads\/2025\/09\/L1014623-768x960.jpg 768w, http:\/\/design-boerse-berlin.de\/galerie\/wp-content\/uploads\/2025\/09\/L1014623-1229x1536.jpg 1229w, http:\/\/design-boerse-berlin.de\/galerie\/wp-content\/uploads\/2025\/09\/L1014623-1638x2048.jpg 1638w, http:\/\/design-boerse-berlin.de\/galerie\/wp-content\/uploads\/2025\/09\/L1014623-scaled.jpg 2048w\" sizes=\"auto, (max-width: 819px) 100vw, 819px\" \/><\/figure>\n<\/div>\n\n<div class=\"wp-block-image\">\n<figure class=\"aligncenter size-large is-resized\"><img loading=\"lazy\" decoding=\"async\" width=\"768\" height=\"1024\" src=\"http:\/\/design-boerse-berlin.de\/galerie\/wp-content\/uploads\/2025\/09\/750c2efb-f2c5-406f-983e-286debecd1e7-768x1024.jpg\" alt=\"\" class=\"wp-image-1006\" style=\"width:512px\" srcset=\"http:\/\/design-boerse-berlin.de\/galerie\/wp-content\/uploads\/2025\/09\/750c2efb-f2c5-406f-983e-286debecd1e7-768x1024.jpg 768w, http:\/\/design-boerse-berlin.de\/galerie\/wp-content\/uploads\/2025\/09\/750c2efb-f2c5-406f-983e-286debecd1e7-225x300.jpg 225w, http:\/\/design-boerse-berlin.de\/galerie\/wp-content\/uploads\/2025\/09\/750c2efb-f2c5-406f-983e-286debecd1e7-1152x1536.jpg 1152w, http:\/\/design-boerse-berlin.de\/galerie\/wp-content\/uploads\/2025\/09\/750c2efb-f2c5-406f-983e-286debecd1e7.jpg 1536w\" sizes=\"auto, (max-width: 768px) 100vw, 768px\" \/><\/figure>\n<\/div>\n\n<div class=\"wp-block-image\">\n<figure class=\"aligncenter size-large is-resized\"><img loading=\"lazy\" decoding=\"async\" width=\"768\" height=\"1024\" src=\"http:\/\/design-boerse-berlin.de\/galerie\/wp-content\/uploads\/2025\/09\/IMG_9926-768x1024.jpg\" alt=\"\" class=\"wp-image-1007\" style=\"width:512px\" srcset=\"http:\/\/design-boerse-berlin.de\/galerie\/wp-content\/uploads\/2025\/09\/IMG_9926-768x1024.jpg 768w, http:\/\/design-boerse-berlin.de\/galerie\/wp-content\/uploads\/2025\/09\/IMG_9926-225x300.jpg 225w, http:\/\/design-boerse-berlin.de\/galerie\/wp-content\/uploads\/2025\/09\/IMG_9926-1152x1536.jpg 1152w, http:\/\/design-boerse-berlin.de\/galerie\/wp-content\/uploads\/2025\/09\/IMG_9926-1536x2048.jpg 1536w, http:\/\/design-boerse-berlin.de\/galerie\/wp-content\/uploads\/2025\/09\/IMG_9926-scaled.jpg 1920w\" sizes=\"auto, (max-width: 768px) 100vw, 768px\" \/><\/figure>\n<\/div>\n\n<div class=\"wp-block-image\">\n<figure class=\"aligncenter size-large is-resized\"><img loading=\"lazy\" decoding=\"async\" width=\"819\" height=\"1024\" src=\"http:\/\/design-boerse-berlin.de\/galerie\/wp-content\/uploads\/2025\/09\/L1014636-819x1024.jpg\" alt=\"\" class=\"wp-image-1008\" style=\"width:512px\" srcset=\"http:\/\/design-boerse-berlin.de\/galerie\/wp-content\/uploads\/2025\/09\/L1014636-819x1024.jpg 819w, http:\/\/design-boerse-berlin.de\/galerie\/wp-content\/uploads\/2025\/09\/L1014636-240x300.jpg 240w, http:\/\/design-boerse-berlin.de\/galerie\/wp-content\/uploads\/2025\/09\/L1014636-768x960.jpg 768w, http:\/\/design-boerse-berlin.de\/galerie\/wp-content\/uploads\/2025\/09\/L1014636-1229x1536.jpg 1229w, http:\/\/design-boerse-berlin.de\/galerie\/wp-content\/uploads\/2025\/09\/L1014636-1638x2048.jpg 1638w, http:\/\/design-boerse-berlin.de\/galerie\/wp-content\/uploads\/2025\/09\/L1014636-scaled.jpg 2048w\" sizes=\"auto, (max-width: 819px) 100vw, 819px\" \/><\/figure>\n<\/div>","protected":false},"excerpt":{"rendered":"<p>Curiouz definiert Design durch Gemeinschaft, Nachhaltigkeit und Innovation neu und nutzt Technologie, um zeitlose M\u00f6bel aus der Vergangenheit in die &hellip; <a href=\"http:\/\/design-boerse-berlin.de\/galerie\/neuer-partner-curiouz\/\" class=\"more-link\">Continue reading <span class=\"screen-reader-text\">Neuer Partner: CURIOUZ<\/span><\/a><\/p>\n","protected":false},"author":1,"featured_media":0,"parent":0,"menu_order":0,"comment_status":"closed","ping_status":"closed","template":"","meta":{"footnotes":""},"class_list":["post-1004","page","type-page","status-publish","hentry"],"_links":{"self":[{"href":"http:\/\/design-boerse-berlin.de\/galerie\/wp-json\/wp\/v2\/pages\/1004","targetHints":{"allow":["GET"]}}],"collection":[{"href":"http:\/\/design-boerse-berlin.de\/galerie\/wp-json\/wp\/v2\/pages"}],"about":[{"href":"http:\/\/design-boerse-berlin.de\/galerie\/wp-json\/wp\/v2\/types\/page"}],"author":[{"embeddable":true,"href":"http:\/\/design-boerse-berlin.de\/galerie\/wp-json\/wp\/v2\/users\/1"}],"replies":[{"embeddable":true,"href":"http:\/\/design-boerse-berlin.de\/galerie\/wp-json\/wp\/v2\/comments?post=1004"}],"version-history":[{"count":1,"href":"http:\/\/design-boerse-berlin.de\/galerie\/wp-json\/wp\/v2\/pages\/1004\/revisions"}],"predecessor-version":[{"id":1009,"href":"http:\/\/design-boerse-berlin.de\/galerie\/wp-json\/wp\/v2\/pages\/1004\/revisions\/1009"}],"wp:attachment":[{"href":"http:\/\/design-boerse-berlin.de\/galerie\/wp-json\/wp\/v2\/media?parent=1004"}],"curies":[{"name":"wp","href":"https:\/\/api.w.org\/{rel}","templated":true}]}}