{"id":455,"date":"2022-09-21T17:24:11","date_gmt":"2022-09-21T15:24:11","guid":{"rendered":"http:\/\/design-boerse-berlin.de\/galerie\/?page_id=455"},"modified":"2025-09-23T17:02:44","modified_gmt":"2025-09-23T15:02:44","slug":"oeffentliche-gratis-expertenschaetzung","status":"publish","type":"page","link":"http:\/\/design-boerse-berlin.de\/galerie\/oeffentliche-gratis-expertenschaetzung\/","title":{"rendered":"\u00d6ffentliche Gratis-Expertensch\u00e4tzung"},"content":{"rendered":"\n<p>Sehr geehrte Damen und Herren, liebe Freunde von <a href=\"https:\/\/www.quittenbaum.de\/de\/\" target=\"_blank\" rel=\"noreferrer noopener\">Quittenbaum<\/a>,<\/p>\n\n\n\n<p>Wir laden Sie herzlich ein, sich mit einer Einlieferung an unseren kommenden Auktionen zu beteiligen. Ihre Kunstwerke begutachten wir kostenlos und unverbindlich.<\/p>\n\n\n\n<p>Am 4. und 5. Oktober sch\u00e4tzen wir Ihre Designst\u00fccke auf der Designb\u00f6rse Berlin.<\/p>\n\n\n\n<p>Falls gew\u00fcnscht, nehmen wir die ausgew\u00e4hlten Objekte direkt entgegen, oder wir veranlassen deren Transport nach M\u00fcnchen.<\/p>\n\n\n\n<p>Kontakt:<\/p>\n\n\n\n<div class=\"wp-block-columns is-layout-flex wp-container-core-columns-is-layout-9d6595d7 wp-block-columns-is-layout-flex\">\n<div class=\"wp-block-column is-layout-flow wp-block-column-is-layout-flow\" style=\"flex-basis:250px\">\n<figure class=\"wp-block-image size-full is-resized\"><img loading=\"lazy\" decoding=\"async\" width=\"333\" height=\"500\" src=\"http:\/\/design-boerse-berlin.de\/galerie\/wp-content\/uploads\/2023\/09\/Arthur-final-Kopie.jpg\" alt=\"\" class=\"wp-image-611\" style=\"width:undefinedpx\" srcset=\"http:\/\/design-boerse-berlin.de\/galerie\/wp-content\/uploads\/2023\/09\/Arthur-final-Kopie.jpg 333w, http:\/\/design-boerse-berlin.de\/galerie\/wp-content\/uploads\/2023\/09\/Arthur-final-Kopie-200x300.jpg 200w\" sizes=\"auto, (max-width: 333px) 100vw, 333px\" \/><figcaption class=\"wp-element-caption\">Arthur Floss<br><a href=\"mailto:a.floss@quittenbaum.de\">a.floss@quittenbaum.de<\/a><\/figcaption><\/figure>\n<\/div>\n\n\n\n<div class=\"wp-block-column is-layout-flow wp-block-column-is-layout-flow\"><\/div>\n<\/div>\n\n\n\n<p>Telefon: +49-89-27370210<\/p>\n\n\n\n<p>Wir freuen uns Sie pers\u00f6nlich kennenzulernen!<\/p>\n\n\n\n<p><strong>TERMINE: 4.+5. Oktober 2025 jeweils 13-17 Uhr am Stand 9<\/strong><\/p>\n\n\n<div class=\"wp-block-image\">\n<figure class=\"aligncenter size-large is-resized\"><a href=\"https:\/\/www.quittenbaum.de\/de\/\" target=\"_blank\" rel=\"noreferrer noopener\"><img loading=\"lazy\" decoding=\"async\" width=\"1024\" height=\"881\" src=\"http:\/\/design-boerse-berlin.de\/galerie\/wp-content\/uploads\/2022\/09\/Floss_-1024x881.jpg\" alt=\"\" class=\"wp-image-456\" style=\"width:512px;height:undefinedpx\" srcset=\"http:\/\/design-boerse-berlin.de\/galerie\/wp-content\/uploads\/2022\/09\/Floss_-1024x881.jpg 1024w, http:\/\/design-boerse-berlin.de\/galerie\/wp-content\/uploads\/2022\/09\/Floss_-300x258.jpg 300w, http:\/\/design-boerse-berlin.de\/galerie\/wp-content\/uploads\/2022\/09\/Floss_-768x661.jpg 768w, http:\/\/design-boerse-berlin.de\/galerie\/wp-content\/uploads\/2022\/09\/Floss_-1536x1322.jpg 1536w, http:\/\/design-boerse-berlin.de\/galerie\/wp-content\/uploads\/2022\/09\/Floss_-2048x1763.jpg 2048w, http:\/\/design-boerse-berlin.de\/galerie\/wp-content\/uploads\/2022\/09\/Floss_-350x300.jpg 350w, http:\/\/design-boerse-berlin.de\/galerie\/wp-content\/uploads\/2022\/09\/Floss_-135x116.jpg 135w\" sizes=\"auto, (max-width: 1024px) 100vw, 1024px\" \/><\/a><figcaption class=\"wp-element-caption\">Arthur Floss<\/figcaption><\/figure>\n<\/div>","protected":false},"excerpt":{"rendered":"<p>Sehr geehrte Damen und Herren, liebe Freunde von Quittenbaum, Wir laden Sie herzlich ein, sich mit einer Einlieferung an unseren &hellip; <a href=\"http:\/\/design-boerse-berlin.de\/galerie\/oeffentliche-gratis-expertenschaetzung\/\" class=\"more-link\">Continue reading <span class=\"screen-reader-text\">\u00d6ffentliche Gratis-Expertensch\u00e4tzung<\/span><\/a><\/p>\n","protected":false},"author":1,"featured_media":0,"parent":0,"menu_order":0,"comment_status":"closed","ping_status":"closed","template":"","meta":{"footnotes":""},"class_list":["post-455","page","type-page","status-publish","hentry"],"_links":{"self":[{"href":"http:\/\/design-boerse-berlin.de\/galerie\/wp-json\/wp\/v2\/pages\/455","targetHints":{"allow":["GET"]}}],"collection":[{"href":"http:\/\/design-boerse-berlin.de\/galerie\/wp-json\/wp\/v2\/pages"}],"about":[{"href":"http:\/\/design-boerse-berlin.de\/galerie\/wp-json\/wp\/v2\/types\/page"}],"author":[{"embeddable":true,"href":"http:\/\/design-boerse-berlin.de\/galerie\/wp-json\/wp\/v2\/users\/1"}],"replies":[{"embeddable":true,"href":"http:\/\/design-boerse-berlin.de\/galerie\/wp-json\/wp\/v2\/comments?post=455"}],"version-history":[{"count":21,"href":"http:\/\/design-boerse-berlin.de\/galerie\/wp-json\/wp\/v2\/pages\/455\/revisions"}],"predecessor-version":[{"id":964,"href":"http:\/\/design-boerse-berlin.de\/galerie\/wp-json\/wp\/v2\/pages\/455\/revisions\/964"}],"wp:attachment":[{"href":"http:\/\/design-boerse-berlin.de\/galerie\/wp-json\/wp\/v2\/media?parent=455"}],"curies":[{"name":"wp","href":"https:\/\/api.w.org\/{rel}","templated":true}]}}