{"id":670,"date":"2023-09-21T16:27:03","date_gmt":"2023-09-21T14:27:03","guid":{"rendered":"http:\/\/design-boerse-berlin.de\/galerie\/?page_id=670"},"modified":"2025-09-25T12:29:12","modified_gmt":"2025-09-25T10:29:12","slug":"h-o-m-e-magazine-gratis","status":"publish","type":"page","link":"http:\/\/design-boerse-berlin.de\/galerie\/h-o-m-e-magazine-gratis\/","title":{"rendered":"H.O.M.E. Magazine gratis"},"content":{"rendered":"\n<p>Mit freundlicher Unterst\u00fctzung des <a href=\"https:\/\/www.home-mag.com\/\" data-type=\"link\" data-id=\"https:\/\/www.home-mag.com\/\" target=\"_blank\" rel=\"noreferrer noopener\">H.O.M.E. Magazins<\/a> stehen gratis Ausgaben in ausreichender Menge zum Mitnehmen zur Verf\u00fcgung. Viel Spa\u00df!<\/p>\n\n\n\n<figure class=\"wp-block-image size-large is-resized\"><img loading=\"lazy\" decoding=\"async\" width=\"1024\" height=\"1024\" src=\"http:\/\/design-boerse-berlin.de\/galerie\/wp-content\/uploads\/2025\/09\/H.O.M.E-1024x1024.jpeg\" alt=\"\" class=\"wp-image-1015\" style=\"width:512px;height:undefinedpx\" srcset=\"http:\/\/design-boerse-berlin.de\/galerie\/wp-content\/uploads\/2025\/09\/H.O.M.E-1024x1024.jpeg 1024w, http:\/\/design-boerse-berlin.de\/galerie\/wp-content\/uploads\/2025\/09\/H.O.M.E-300x300.jpeg 300w, http:\/\/design-boerse-berlin.de\/galerie\/wp-content\/uploads\/2025\/09\/H.O.M.E-150x150.jpeg 150w, http:\/\/design-boerse-berlin.de\/galerie\/wp-content\/uploads\/2025\/09\/H.O.M.E-768x768.jpeg 768w, http:\/\/design-boerse-berlin.de\/galerie\/wp-content\/uploads\/2025\/09\/H.O.M.E.jpeg 1080w\" sizes=\"auto, (max-width: 1024px) 100vw, 1024px\" \/><\/figure>\n","protected":false},"excerpt":{"rendered":"<p>Mit freundlicher Unterst\u00fctzung des H.O.M.E. Magazins stehen gratis Ausgaben in ausreichender Menge zum Mitnehmen zur Verf\u00fcgung. Viel Spa\u00df!<\/p>\n","protected":false},"author":1,"featured_media":0,"parent":0,"menu_order":0,"comment_status":"closed","ping_status":"closed","template":"","meta":{"footnotes":""},"class_list":["post-670","page","type-page","status-publish","hentry"],"_links":{"self":[{"href":"http:\/\/design-boerse-berlin.de\/galerie\/wp-json\/wp\/v2\/pages\/670","targetHints":{"allow":["GET"]}}],"collection":[{"href":"http:\/\/design-boerse-berlin.de\/galerie\/wp-json\/wp\/v2\/pages"}],"about":[{"href":"http:\/\/design-boerse-berlin.de\/galerie\/wp-json\/wp\/v2\/types\/page"}],"author":[{"embeddable":true,"href":"http:\/\/design-boerse-berlin.de\/galerie\/wp-json\/wp\/v2\/users\/1"}],"replies":[{"embeddable":true,"href":"http:\/\/design-boerse-berlin.de\/galerie\/wp-json\/wp\/v2\/comments?post=670"}],"version-history":[{"count":4,"href":"http:\/\/design-boerse-berlin.de\/galerie\/wp-json\/wp\/v2\/pages\/670\/revisions"}],"predecessor-version":[{"id":1021,"href":"http:\/\/design-boerse-berlin.de\/galerie\/wp-json\/wp\/v2\/pages\/670\/revisions\/1021"}],"wp:attachment":[{"href":"http:\/\/design-boerse-berlin.de\/galerie\/wp-json\/wp\/v2\/media?parent=670"}],"curies":[{"name":"wp","href":"https:\/\/api.w.org\/{rel}","templated":true}]}}