{"id":682,"date":"2023-09-21T16:48:22","date_gmt":"2023-09-21T14:48:22","guid":{"rendered":"http:\/\/design-boerse-berlin.de\/galerie\/?page_id=682"},"modified":"2025-09-25T12:00:31","modified_gmt":"2025-09-25T10:00:31","slug":"goodlife-magazine-gratis","status":"publish","type":"page","link":"http:\/\/design-boerse-berlin.de\/galerie\/goodlife-magazine-gratis\/","title":{"rendered":"GOODLIFE Magazine gratis"},"content":{"rendered":"\n<p>Wohn!Design hei\u00dft jetzt <a href=\"https:\/\/goodlife-magazin.de\/\" data-type=\"link\" data-id=\"https:\/\/goodlife-magazin.de\/\" target=\"_blank\" rel=\"noreferrer noopener\">GOODLIFE <\/a>und mit freundlicher Unterst\u00fctzung stehen gratis Ausgaben in ausreichender Menge zum Mitnehmen zur Verf\u00fcgung. Viel Spa\u00df!<\/p>\n\n\n\n<figure class=\"wp-block-image size-large\"><img loading=\"lazy\" decoding=\"async\" width=\"819\" height=\"1024\" src=\"http:\/\/design-boerse-berlin.de\/galerie\/wp-content\/uploads\/2025\/09\/Goodlife-Magazin-2025-819x1024.jpg\" alt=\"\" class=\"wp-image-998\" srcset=\"http:\/\/design-boerse-berlin.de\/galerie\/wp-content\/uploads\/2025\/09\/Goodlife-Magazin-2025-819x1024.jpg 819w, http:\/\/design-boerse-berlin.de\/galerie\/wp-content\/uploads\/2025\/09\/Goodlife-Magazin-2025-240x300.jpg 240w, http:\/\/design-boerse-berlin.de\/galerie\/wp-content\/uploads\/2025\/09\/Goodlife-Magazin-2025-768x960.jpg 768w, http:\/\/design-boerse-berlin.de\/galerie\/wp-content\/uploads\/2025\/09\/Goodlife-Magazin-2025-1229x1536.jpg 1229w, http:\/\/design-boerse-berlin.de\/galerie\/wp-content\/uploads\/2025\/09\/Goodlife-Magazin-2025-1638x2048.jpg 1638w, http:\/\/design-boerse-berlin.de\/galerie\/wp-content\/uploads\/2025\/09\/Goodlife-Magazin-2025-scaled.jpg 2048w\" sizes=\"auto, (max-width: 819px) 100vw, 819px\" \/><\/figure>\n","protected":false},"excerpt":{"rendered":"<p>Wohn!Design hei\u00dft jetzt GOODLIFE und mit freundlicher Unterst\u00fctzung stehen gratis Ausgaben in ausreichender Menge zum Mitnehmen zur Verf\u00fcgung. Viel Spa\u00df!<\/p>\n","protected":false},"author":1,"featured_media":0,"parent":0,"menu_order":0,"comment_status":"closed","ping_status":"closed","template":"","meta":{"footnotes":""},"class_list":["post-682","page","type-page","status-publish","hentry"],"_links":{"self":[{"href":"http:\/\/design-boerse-berlin.de\/galerie\/wp-json\/wp\/v2\/pages\/682","targetHints":{"allow":["GET"]}}],"collection":[{"href":"http:\/\/design-boerse-berlin.de\/galerie\/wp-json\/wp\/v2\/pages"}],"about":[{"href":"http:\/\/design-boerse-berlin.de\/galerie\/wp-json\/wp\/v2\/types\/page"}],"author":[{"embeddable":true,"href":"http:\/\/design-boerse-berlin.de\/galerie\/wp-json\/wp\/v2\/users\/1"}],"replies":[{"embeddable":true,"href":"http:\/\/design-boerse-berlin.de\/galerie\/wp-json\/wp\/v2\/comments?post=682"}],"version-history":[{"count":5,"href":"http:\/\/design-boerse-berlin.de\/galerie\/wp-json\/wp\/v2\/pages\/682\/revisions"}],"predecessor-version":[{"id":999,"href":"http:\/\/design-boerse-berlin.de\/galerie\/wp-json\/wp\/v2\/pages\/682\/revisions\/999"}],"wp:attachment":[{"href":"http:\/\/design-boerse-berlin.de\/galerie\/wp-json\/wp\/v2\/media?parent=682"}],"curies":[{"name":"wp","href":"https:\/\/api.w.org\/{rel}","templated":true}]}}