{"id":859,"date":"2024-09-24T14:54:13","date_gmt":"2024-09-24T12:54:13","guid":{"rendered":"http:\/\/design-boerse-berlin.de\/galerie\/?page_id=859"},"modified":"2025-09-29T16:08:13","modified_gmt":"2025-09-29T14:08:13","slug":"alte-moebel-neu-aufpolstern-bei-deutschmann-stand-28-29","status":"publish","type":"page","link":"http:\/\/design-boerse-berlin.de\/galerie\/alte-moebel-neu-aufpolstern-bei-deutschmann-stand-28-29\/","title":{"rendered":"Alte M\u00f6bel neu aufpolstern bei Deutschmann &#8211; Stand 26"},"content":{"rendered":"\n<figure class=\"wp-block-image size-large\"><img loading=\"lazy\" decoding=\"async\" width=\"1024\" height=\"652\" src=\"http:\/\/design-boerse-berlin.de\/galerie\/wp-content\/uploads\/2024\/09\/Deutschmann_Gruppenfoto_final-1024x652.jpg\" alt=\"\" class=\"wp-image-856\" style=\"object-fit:cover\" srcset=\"http:\/\/design-boerse-berlin.de\/galerie\/wp-content\/uploads\/2024\/09\/Deutschmann_Gruppenfoto_final-1024x652.jpg 1024w, http:\/\/design-boerse-berlin.de\/galerie\/wp-content\/uploads\/2024\/09\/Deutschmann_Gruppenfoto_final-300x191.jpg 300w, http:\/\/design-boerse-berlin.de\/galerie\/wp-content\/uploads\/2024\/09\/Deutschmann_Gruppenfoto_final-768x489.jpg 768w, http:\/\/design-boerse-berlin.de\/galerie\/wp-content\/uploads\/2024\/09\/Deutschmann_Gruppenfoto_final-1536x979.jpg 1536w, http:\/\/design-boerse-berlin.de\/galerie\/wp-content\/uploads\/2024\/09\/Deutschmann_Gruppenfoto_final-2048x1305.jpg 2048w\" sizes=\"auto, (max-width: 1024px) 100vw, 1024px\" \/><figcaption class=\"wp-element-caption\">Das Team von Deutschmann<\/figcaption><\/figure>\n\n\n\n<p>Deutschmann Berlin besteht aus Handwerkern und Designern mit Leidenschaft f\u00fcr au\u00dfergew\u00f6hnliche M\u00f6bel- und Raumkonzepte. Wir gehen \u00fcber das Restaurieren hinaus, setzen auf mutige Farben und Formen und schaffen R\u00e4ume, die inspirieren. Von der ersten Idee bis zur Umsetzung begleiten wir unsere Kunden mit ma\u00dfgeschneiderten L\u00f6sungen f\u00fcr den gesamten Wohnbereich.<br><\/p>\n\n\n\n<p>Mehr Infos unter:<br><a href=\"https:\/\/www.instagram.com\/deutschmannberlin\/\"><br><\/a><\/p>\n\n\n\n<p><a href=\"https:\/\/deutschmann.berlin\/\">https:\/\/deutschmann.berlin\/<\/a><\/p>\n\n\n\n<p><a href=\"https:\/\/www.instagram.com\/deutschmannberlin\/\">https:\/\/www.instagram.com\/deutschmannberlin\/<\/a><\/p>\n","protected":false},"excerpt":{"rendered":"<p>Deutschmann Berlin besteht aus Handwerkern und Designern mit Leidenschaft f\u00fcr au\u00dfergew\u00f6hnliche M\u00f6bel- und Raumkonzepte. Wir gehen \u00fcber das Restaurieren hinaus, &hellip; <a href=\"http:\/\/design-boerse-berlin.de\/galerie\/alte-moebel-neu-aufpolstern-bei-deutschmann-stand-28-29\/\" class=\"more-link\">Continue reading <span class=\"screen-reader-text\">Alte M\u00f6bel neu aufpolstern bei Deutschmann &#8211; Stand 26<\/span><\/a><\/p>\n","protected":false},"author":1,"featured_media":0,"parent":0,"menu_order":0,"comment_status":"closed","ping_status":"closed","template":"","meta":{"footnotes":""},"class_list":["post-859","page","type-page","status-publish","hentry"],"_links":{"self":[{"href":"http:\/\/design-boerse-berlin.de\/galerie\/wp-json\/wp\/v2\/pages\/859","targetHints":{"allow":["GET"]}}],"collection":[{"href":"http:\/\/design-boerse-berlin.de\/galerie\/wp-json\/wp\/v2\/pages"}],"about":[{"href":"http:\/\/design-boerse-berlin.de\/galerie\/wp-json\/wp\/v2\/types\/page"}],"author":[{"embeddable":true,"href":"http:\/\/design-boerse-berlin.de\/galerie\/wp-json\/wp\/v2\/users\/1"}],"replies":[{"embeddable":true,"href":"http:\/\/design-boerse-berlin.de\/galerie\/wp-json\/wp\/v2\/comments?post=859"}],"version-history":[{"count":8,"href":"http:\/\/design-boerse-berlin.de\/galerie\/wp-json\/wp\/v2\/pages\/859\/revisions"}],"predecessor-version":[{"id":1026,"href":"http:\/\/design-boerse-berlin.de\/galerie\/wp-json\/wp\/v2\/pages\/859\/revisions\/1026"}],"wp:attachment":[{"href":"http:\/\/design-boerse-berlin.de\/galerie\/wp-json\/wp\/v2\/media?parent=859"}],"curies":[{"name":"wp","href":"https:\/\/api.w.org\/{rel}","templated":true}]}}